{"id":54,"date":"2018-07-24T13:49:10","date_gmt":"2018-07-24T11:49:10","guid":{"rendered":"http:\/\/srvwww1.cai.internal\/?page_id=54"},"modified":"2024-08-05T07:10:34","modified_gmt":"2024-08-05T05:10:34","slug":"akreditace","status":"publish","type":"page","link":"https:\/\/www.cai.cz\/?page_id=54","title":{"rendered":"Akreditace"},"content":{"rendered":"\n<p><strong>Akredita\u010dn\u00ed syst\u00e9m \u010cesk\u00e9 republiky<\/strong>&nbsp;&#8211; soubor proces\u016f, postup\u016f a pravidel umo\u017e\u0148uj\u00edc\u00ed z\u00edskat od p\u0159\u00edslu\u0161n\u00e9ho autoritativn\u00edho org\u00e1nu akreditaci &#8211; je upraven p\u0159edev\u0161\u00edm na\u0159\u00edzen\u00edm Evropsk\u00e9ho parlamentu a Rady (ES) \u010d. 765\/2008 ze dne 9. \u010dervence 2008, kter\u00fdm se stanov\u00ed po\u017eadavky na akreditaci a dozor nad trhem t\u00fdkaj\u00edc\u00ed se uv\u00e1d\u011bn\u00ed v\u00fdrobk\u016f na trh a&nbsp;kter\u00fdm se zru\u0161uje na\u0159\u00edzen\u00ed (EHS) \u010d. 339\/93 ve zn\u011bn\u00ed opravy z 3. \u010dervence 2015 a&nbsp;z\u00e1konem \u010d. 22\/1997 Sb., o&nbsp;technick\u00fdch po\u017eadavc\u00edch na v\u00fdrobky, ve zn\u011bn\u00ed pozd\u011bj\u0161\u00edch p\u0159edpis\u016f (ZTPV).<\/p>\n\n\n\n<p>N\u00e1rodn\u00edm akredita\u010dn\u00edm org\u00e1nem \u010cesk\u00e9 republiky je \u010cesk\u00fd institut pro akreditaci, o.p.s. (\u010cIA), a to na z\u00e1klad\u011b pov\u011b\u0159en\u00ed Ministerstvem pr\u016fmyslu a obchodu a notifikace u&nbsp;Evropsk\u00e9 komise v souladu v\u00fd\u0161e uveden\u00fdmi pr\u00e1vn\u00edmi p\u0159edpisy.<\/p>\n\n\n\n<p>V akredita\u010dn\u00edm procesu m\u00e1 \u010cIA jako n\u00e1rodn\u00ed akredita\u010dn\u00ed org\u00e1n postaven\u00ed org\u00e1nu ve\u0159ejn\u00e9 moci. Prov\u00e1d\u011bn\u00ed akreditace a&nbsp;posuzov\u00e1n\u00ed pln\u011bn\u00ed akredita\u010dn\u00edch po\u017eadavk\u016f v jeho r\u00e1mci se \u0159\u00edd\u00ed ZTPV a z\u00e1konem \u010d. 500\/2004 Sb., spr\u00e1vn\u00ed \u0159\u00e1d, ve&nbsp;zn\u011bn\u00ed pozd\u011bj\u0161\u00edch p\u0159edpis\u016f (S\u0158), a&nbsp;to formou spr\u00e1vn\u00edho \u0159\u00edzen\u00ed, nebo na z\u00e1klad\u011b ve\u0159ejnopr\u00e1vn\u00ed smlouvy.<\/p>\n\n\n\n<p>Subjekty posuzov\u00e1n\u00ed shody, kter\u00e9 dobrovoln\u011b usiluj\u00ed o ud\u011blen\u00ed akreditace, v t\u00e9 kter\u00e9 oblasti, mus\u00ed b\u00fdt p\u0159ipraveny v&nbsp;sou\u010dinnosti s \u010cIA a za podm\u00ednek stanoven\u00fdch ZTPV a S\u0158 dolo\u017eit, \u017ee spl\u0148uj\u00ed relevantn\u00ed akredita\u010dn\u00ed po\u017eadavky. Akreditaci \u010cIA ud\u011bl\u00ed pot\u00e9, co subjekt posuzov\u00e1n\u00ed shody prok\u00e1\u017ee spln\u011bn\u00ed akredita\u010dn\u00edch po\u017eadavk\u016f ve vztahu k&nbsp;akreditaci, o kterou \u017e\u00e1d\u00e1. Spln\u011bn\u00ed, respektive pln\u011bn\u00ed akredita\u010dn\u00edch po\u017eadavk\u016f mus\u00ed trvat po celou dobu platnosti ud\u011blen\u00e9 akreditace.<\/p>\n\n\n\n<p>Dokladem o ud\u011blen\u00ed akreditace je osv\u011bd\u010den\u00ed o akreditaci, kter\u00e9 slou\u017e\u00ed k prokazov\u00e1n\u00ed odborn\u00e9 zp\u016fsobilosti a&nbsp;nestrannosti subjekt\u016f poskytuj\u00edc\u00edch slu\u017eby v oblasti posuzov\u00e1n\u00ed shody.<\/p>\n\n\n\n<p>P\u0159i akredita\u010dn\u00ed \u010dinnosti je \u010cIA v\u00e1z\u00e1n krom\u011b platn\u00e9 legislativy t\u00e9\u017e z\u00e1vazky vypl\u00fdvaj\u00edc\u00edmi z postaven\u00ed \u010cIA jako \u010dlena Evropsk\u00e9 organizace pro spolupr\u00e1ci v&nbsp;oblasti akreditace (EA) &#8211; org\u00e1nu uznan\u00e9ho Evropskou komis\u00ed, Mezin\u00e1rodn\u00ed spolupr\u00e1ce v&nbsp;oblasti akreditace laborato\u0159\u00ed (ILAC), Mezin\u00e1rodn\u00edho akredita\u010dn\u00edho f\u00f3ra (IAF) a tak\u00e9 z&nbsp;uzav\u0159en\u00fdch souvisej\u00edc\u00edch multilater\u00e1ln\u00edch dohod o vz\u00e1jemn\u00e9m uzn\u00e1v\u00e1n\u00ed akreditace.<\/p>\n\n\n\n<!--nextpage-->\n\n\n\n<p>V\u00e1\u017een\u00ed klienti,<\/p>\n\n\n\n<p>podrobn\u00e9 informace o procesu akreditace v\u010detn\u011b specifikace po\u010dtu witness audit\u016f a slu\u017eeb, kter\u00e9 \u010cIA nab\u00edz\u00ed, naleznete v metodick\u00e9m pokynu pro akreditaci MPA 00-01-.. Informace t\u00fdkaj\u00edc\u00ed se p\u0159edpisov\u00e9 z\u00e1kladny pou\u017e\u00edvan\u00e9 v procesu akreditace jsou uvedeny v MPA 00-02-.. Uveden\u00e9 MPA jsou k dispozici na na\u0161ich webov\u00fdch str\u00e1nk\u00e1ch v&nbsp;sekci&nbsp;<span style=\"text-decoration: underline;\"><a rel=\"noreferrer noopener\" href=\"https:\/\/www.cai.cz\/?page_id=1674\" target=\"_blank\">Dokumenty ke sta\u017een\u00ed<\/a><\/span>.<\/p>\n\n\n\n<h4 class=\"wp-block-heading\" id=\"posouzeni-dokumentace-systemu-managementu-pred-podanim-zadosti-o-udeleni-akreditace-pred-prvotnim-posouzenim\"><strong>Posouzen\u00ed dokumentace syst\u00e9mu managementu p\u0159ed pod\u00e1n\u00edm \u017e\u00e1dosti o ud\u011blen\u00ed akreditace<br><\/strong>(p\u0159ed prvotn\u00edm posouzen\u00edm)<\/h4>\n\n\n\n<p>\u010cesk\u00fd institut pro akreditaci, o.p.s. zaznamenal pozitivn\u00ed ohlas t\u00fdkaj\u00edc\u00ed se poskytovan\u00e9 slu\u017eby &#8222;posouzen\u00ed dokumentace syst\u00e9mu managmentu&#8220; \u017eadatel\u016f o ud\u011blen\u00ed akreditace. Dovolujeme si V\u00e1s proto upozornit na mo\u017enost vyu\u017eit\u00ed t\u00e9to slu\u017eby p\u0159ed pod\u00e1n\u00edm \u017e\u00e1dosti o ud\u011blen\u00ed akreditace (pouze p\u0159ed prvotn\u00edm posouzen\u00edm). Samostatn\u00e9 posouzen\u00ed dokumentace syst\u00e9mu managementu nen\u00ed povinnou sou\u010d\u00e1st\u00ed procesu akreditace &#8211; jedn\u00e1 se o fakultativn\u00ed slu\u017ebu poskytovanou \u010cIA na smluvn\u00edm z\u00e1klad\u011b p\u0159ed pod\u00e1n\u00edm \u017e\u00e1dosti o ud\u011blen\u00ed akreditace.<br>Podle informac\u00ed z\u00e1kazn\u00edk\u016f, kte\u0159\u00ed si p\u0159ed ud\u011blen\u00edm akreditace&nbsp;samostatn\u00e9 posouzen\u00ed sv\u00e9 dokumentace syst\u00e9mu managementu objednali, tato slu\u017eba umo\u017enila na z\u00e1klad\u011b identifikovan\u00fdch neshod doplnit dokumentaci syst\u00e9mu managmentu tak, aby v pr\u016fb\u011bhu vlastn\u00ed akreditace ji\u017e nebyly \u0159e\u0161eny jako z\u00e1kladn\u00ed nedostatky. Na z\u00e1klad\u011b vyhodnocen\u00ed zp\u011btn\u00e9 vazby z procesu akreditace lze jedin\u011b konstatovat pozitivn\u00ed zku\u0161enosti s touto slu\u017ebou.<br>Posouzen\u00ed dokumentace je mo\u017en\u00e9 objednat p\u00edsemn\u011b na formul\u00e1\u0159i Objedn\u00e1vka posouzen\u00ed dokumentace syst\u00e9mu managementu, kter\u00fd najdete&nbsp;v \u010d\u00e1sti webu&nbsp;<span style=\"text-decoration: underline;\"><a href=\"https:\/\/www.cai.cz\/?page_id=1674\" target=\"_blank\" rel=\"noreferrer noopener\">Dokumenty ke sta\u017een\u00ed<\/a><\/span>. Objedn\u00e1vku m\u016f\u017eete zaslat na adresu s\u00eddla \u010cIA v&nbsp;ti\u0161t\u011bn\u00e9 nebo elektronick\u00e9 podob\u011b (datovou schr\u00e1nkou nebo na&nbsp;<span style=\"text-decoration: underline;\"><a href=\"mailto:mail@cai.cz\">mail@cai.cz<\/a><\/span>).<\/p>\n\n\n\n<h4 class=\"wp-block-heading\" id=\"prevedeni-jiz-udelene-akreditace\"><strong>P\u0159eveden\u00ed ji\u017e ud\u011blen\u00e9 akreditace<\/strong><\/h4>\n\n\n\n<p>Dojde-li po ud\u011blen\u00ed akreditace k p\u0159evzet\u00ed akreditovan\u00e9 \u010dinnosti jin\u00fdm subjektem, ani\u017e by tato skute\u010dnost ovlivnila pln\u011bn\u00ed akredita\u010dn\u00edch po\u017eadavk\u016f,&nbsp;p\u0159evede \u010cIA ud\u011blenou akreditaci na p\u0159eb\u00edraj\u00edc\u00ed subjekt a vystav\u00ed mu osv\u011bd\u010den\u00ed o akreditaci. Spolu s \u017e\u00e1dost\u00ed o p\u0159eveden\u00ed akreditace p\u0159eb\u00edraj\u00edc\u00ed subjekt dolo\u017e\u00ed p\u0159evzet\u00ed akreditovan\u00e9 \u010dinnosti v pln\u00e9m rozsahu, a to zejm\u00e9na oboustrann\u00fdm souhlasn\u00fdm projevem v\u016fle z\u00fa\u010dastn\u011bn\u00fdch stran v&nbsp;podob\u011b smlouvy \u010di prohl\u00e1\u0161en\u00ed, pravomocn\u00fdm rozhodnut\u00edm p\u0159\u00edslu\u0161n\u00e9ho org\u00e1nu, nebo dokladem o pr\u00e1vn\u00edm n\u00e1stupnictv\u00ed, k n\u011bmu\u017e do\u0161lo na z\u00e1klad\u011b z\u00e1kona. Doporu\u010den\u00fd vzor souhlasn\u00e9ho prohl\u00e1\u0161en\u00ed o p\u0159evodu akreditovan\u00e9 \u010dinnosti naleznete&nbsp;<a rel=\"noreferrer noopener\" href=\"https:\/\/www.cai.cz\/wp-content\/uploads\/2018\/10\/prohlaseni-obecne.doc\" target=\"_blank\"><span style=\"text-decoration: underline;\">zde<\/span><\/a>.<\/p>\n\n\n\n<!--nextpage-->\n\n\n\n<h4 class=\"wp-block-heading\" id=\"vyuziti-akreditace-v-regulovane-oblasti\"><strong>Vyu\u017eit\u00ed akreditace v regulovan\u00e9 oblasti<\/strong> <\/h4>\n\n\n\n<p>Jako v\u00fdsledek vyhodnocen\u00ed fungov\u00e1n\u00ed tzv. Glob\u00e1ln\u00ed koncepce pro certifikaci a zkou\u0161en\u00ed byly Evropskou komis\u00ed (EK) navr\u017eeny legislativn\u00ed zm\u011bny, kter\u00e9 byly zavr\u0161eny v roce 2008 p\u0159ijet\u00edm tzv. Nov\u00e9ho legislativn\u00edho r\u00e1mce (NLF), kter\u00fd je postaven na t\u0159ech z\u00e1kladn\u00edch p\u0159edpisech: <\/p>\n\n\n\n<ul class=\"wp-block-list\">\n<li><a href=\"https:\/\/www.cai.cz\/wp-content\/uploads\/2024\/04\/nlf_765_2008.pdf\" target=\"_blank\" rel=\"noreferrer noopener\">Na\u0159\u00edzen\u00ed Evropsk\u00e9ho parlamentu a Rady (ES) \u010d. 765\/2008<\/a>;<\/li>\n\n\n\n<li> <a href=\"https:\/\/www.cai.cz\/wp-content\/uploads\/2024\/04\/nlf_768_2008.pdf\" target=\"_blank\" rel=\"noreferrer noopener\">Rozhodnut\u00ed Evropsk\u00e9ho parlamentu a Rady \u010d. 768\/2008\/ES;<\/a> <\/li>\n\n\n\n<li> <a href=\"https:\/\/www.cai.cz\/wp-content\/uploads\/2024\/04\/nlf_764_2008.pdf\" target=\"_blank\" rel=\"noreferrer noopener\">Na\u0159\u00edzen\u00ed Evropsk\u00e9ho parlamentu a Rady (ES) \u010d. 764\/2008<\/a>. <\/li>\n<\/ul>\n\n\n\n<p>C\u00edlem na\u0159\u00edzen\u00ed Evropsk\u00e9ho parlamentu a Rady (ES)\n\u010d. 765\/2008 je s vyu\u017eit\u00edm st\u00e1vaj\u00edc\u00ed evropsk\u00e9 akredita\u010dn\u00ed\ninfrastruktury, tzn. n\u00e1rodn\u00edch akredita\u010dn\u00edch org\u00e1n\u016f sdru\u017een\u00fdch\nv&nbsp;Evropsk\u00e9 organizaci pro spolupr\u00e1ci v oblasti akreditace\n(EA), zajistit jednotn\u00e9 prov\u00e1d\u011bn\u00ed akreditace jako v\u00fdsadn\u00edho\nprost\u0159edku dokl\u00e1daj\u00edc\u00edho odbornou zp\u016fsobilost subjekt\u016f posuzov\u00e1n\u00ed\nshody v&nbsp;regulovan\u00e9 i v&nbsp;neregulovan\u00e9 oblasti.<\/p>\n\n\n\n<p>Problematikou vyu\u017eit\u00ed akreditace v regulovan\u00e9 oblasti se zab\u00fdv\u00e1 EA na z\u00e1klad\u011b po\u017eadavku EK v&nbsp;projektu Accreditation for Notification (AfN). D\u016fvodem je harmonizace po\u017eadavk\u016f na akreditovan\u00e9 subjekty p\u016fsob\u00edc\u00ed v&nbsp;regulovan\u00e9 oblasti, tzn., aby v\u0161echny ozn\u00e1men\u00e9\/notifikovan\u00e9 subjekty spl\u0148ovaly stejn\u00e9 po\u017eadavky a m\u011bly stejn\u011b definovan\u00fd rozsah sv\u00fdch \u010dinnost\u00ed v&nbsp;osv\u011bd\u010den\u00ed o akreditaci srovnateln\u00fd s rozsahem uveden\u00fdm v&nbsp;informa\u010dn\u00edm syst\u00e9mu EK Nando (New Approach Notified and Designated Organisations). V&nbsp;r\u00e1mci \u0159e\u0161en\u00ed uveden\u00e9 problematiky vydala EA dokument EA-2\/17 M &nbsp;(EA Document on Accreditation for Notification Purposes), kter\u00fd obsahuje preferovan\u00e9 harmonizovan\u00e9 normy pro pou\u017eit\u00ed k&nbsp;akreditaci pro jednotliv\u00e9 moduly\/postupy posuzov\u00e1n\u00ed shody, resp. pr\u00e1vn\u00ed p\u0159edpisy. Aplikovateln\u00e9 po\u017eadavky dal\u0161\u00edch harmonizovan\u00fdch norem (princip 1+) mus\u00ed b\u00fdt pou\u017e\u00edvan\u00e9 ve stanoven\u00e9m rozsahu. &nbsp;Princip 1+ znamen\u00e1, \u017ee akreditovan\u00fd subjekt mus\u00ed v&nbsp;uveden\u00e9m syst\u00e9mu spl\u0148ovat po\u017eadavky preferovan\u00e9 normy (&#8222;1&#8220;) a aplikovateln\u00e9 po\u017eadavky dal\u0161\u00edch norem (&#8222;+&#8220;), nap\u0159.<br>  ISO\/IEC 17025:2017 pokud je vy\u017eadov\u00e1no zkou\u0161en\u00ed. Uveden\u00fd princip vede k&nbsp;redukci rozsahu posuzov\u00e1n\u00ed (nejsou posuzovan\u00e1 v\u0161echna krit\u00e9ria z nap\u0159. (+) ISO\/IEC 17025:2017).<\/p>\n\n\n\n<p>\u010cIA p\u0159i akreditaci pro \u00fa\u010dely autorizace\/ozn\u00e1men\u00ed vyu\u017e\u00edv\u00e1 dokument EA-2\/17 M   a posuzuje odbornou zp\u016fsobilost \u017eadatele podle<\/p>\n\n\n\n<p>a)&nbsp;&nbsp;&nbsp;&nbsp; p\u0159\u00edslu\u0161n\u00e9 harmonizovan\u00e9 normy \u0159ady\n\u010cSN EN ISO\/IEC 17000, kter\u00e1 je vhodn\u00e1 pro posouzen\u00ed modulu\/postupu\nposuzov\u00e1n\u00ed shody v rozsahu akreditace,<\/p>\n\n\n\n<p>a<\/p>\n\n\n\n<p>b)&nbsp;&nbsp;&nbsp; dal\u0161\u00edch odborn\u00fdch po\u017eadavk\u016f pro prov\u00e1d\u011bn\u00ed konkr\u00e9tn\u00edch \u010dinnost\u00ed posuzov\u00e1n\u00ed shody, kter\u00e9 jsou stanoveny v p\u0159\u00edslu\u0161n\u00fdch pr\u00e1vn\u00edch p\u0159edpisech EU\/\u010cR a v harmonizovan\u00fdch norm\u00e1ch pro po\u017eadovan\u00fd rozsah akreditace.<\/p>\n\n\n\n<p>\u010cIA a \u00daNMZ spolupracovali na odstran\u011bn\u00ed duplicitn\u00edho posuzov\u00e1n\u00ed stejn\u00fdch po\u017eadavk\u016f. Byly vytvo\u0159eny vzory p\u0159\u00edloh osv\u011bd\u010den\u00ed o akreditaci vyd\u00e1van\u00e9 \u010cIA pro \u00fa\u010dely autorizace\/ozn\u00e1men\u00ed, tzn. osv\u011bd\u010den\u00ed o akreditaci, kde jsou v p\u0159\u00edloze uvedeny pr\u00e1vn\u00ed p\u0159edpisy navazuj\u00edc\u00ed na z\u00e1kony \u010d. 22\/1997 Sb., \u010d. 90\/2016 Sb. a \u010d. 206\/2015 Sb. tak, aby informace o rozsahu akreditovan\u00fdch \u010dinnost\u00ed bylo mo\u017eno bez dal\u0161\u00edho d\u00e1le vyu\u017e\u00edt \u00daNMZ pro autorizaci\/ozn\u00e1men\u00ed\/notifikaci subjekt\u016f. <\/p>\n\n\n\n<hr class=\"wp-block-separator has-css-opacity is-style-wide\"\/>\n\n\n\n<p><strong>POKRA\u010cOVAT D\u00c1L:<\/strong>\u00a0<br><a href=\"https:\/\/www.cai.cz\/?page_id=1798\" target=\"_blank\" rel=\"noreferrer noopener\"><span style=\"text-decoration: underline;\">Laborato\u0159e<\/span><\/a>\u00a0\u00a0 <span style=\"text-decoration: underline;\"><a href=\"https:\/\/www.cai.cz\/?page_id=1802\" target=\"_blank\" rel=\"noreferrer noopener\">Inspek\u010dn\u00ed org\u00e1ny<\/a><\/span>\u00a0\u00a0\u00a0<span style=\"text-decoration: underline;\"><a href=\"https:\/\/www.cai.cz\/?page_id=1805\" target=\"_blank\" rel=\"noreferrer noopener\">Certifika\u010dn\u00ed org\u00e1ny<\/a><\/span>\u00a0\u00a0\u00a0<span style=\"text-decoration: underline;\"><a href=\"https:\/\/www.cai.cz\/?page_id=1808\" target=\"_blank\" rel=\"noreferrer noopener\">Ov\u011b\u0159ovatel\u00e9 v\u00fdkaz\u016f emis\u00ed sklen\u00edkov\u00fdch plyn\u016f<\/a><\/span>\u00a0\u00a0\u00a0<span style=\"text-decoration: underline;\"><a href=\"https:\/\/www.cai.cz\/?page_id=1811\" target=\"_blank\" rel=\"noreferrer noopener\">Poskytovatel\u00e9 PT\u00a0<\/a><\/span>\u00a0\u00a0<span style=\"text-decoration: underline;\"><a href=\"https:\/\/www.cai.cz\/?page_id=1814\" target=\"_blank\" rel=\"noreferrer noopener\">V\u00fdrobci referen\u010dn\u00edch materi\u00e1l\u016f<\/a><\/span> <a rel=\"noreferrer noopener\" href=\"https:\/\/www.cai.cz\/?page_id=15747\" target=\"_blank\">Biobanky<\/a><\/p>\n\n\n\n<p><span style=\"text-decoration: underline;\"><a href=\"https:\/\/www.cai.cz\/?page_id=1817\">Akredita\u010dn\u00ed zna\u010dky<\/a><\/span><\/p>\n","protected":false},"excerpt":{"rendered":"<p>Akredita\u010dn\u00ed syst\u00e9m \u010cesk\u00e9 republiky&nbsp;&#8211; soubor proces\u016f, postup\u016f a pravidel umo\u017e\u0148uj\u00edc\u00ed z\u00edskat od p\u0159\u00edslu\u0161n\u00e9ho autoritativn\u00edho org\u00e1nu akreditaci &#8211; je upraven p\u0159edev\u0161\u00edm na\u0159\u00edzen\u00edm Evropsk\u00e9ho parlamentu a Rady&hellip;<\/p>\n","protected":false},"author":2,"featured_media":0,"parent":0,"menu_order":0,"comment_status":"closed","ping_status":"closed","template":"","meta":{"_acf_changed":false,"_price":"","_stock":"","_tribe_ticket_header":"","_tribe_default_ticket_provider":"","_tribe_ticket_capacity":"0","_ticket_start_date":"","_ticket_end_date":"","_tribe_ticket_show_description":"","_tribe_ticket_show_not_going":false,"_tribe_ticket_use_global_stock":"","_tribe_ticket_global_stock_level":"","_global_stock_mode":"","_global_stock_cap":"","_tribe_rsvp_for_event":"","_tribe_ticket_going_count":"","_tribe_ticket_not_going_count":"","_tribe_tickets_list":"[]","_tribe_ticket_has_attendee_info_fields":false,"footnotes":"","_tec_slr_enabled":"","_tec_slr_layout":""},"class_list":["post-54","page","type-page","status-publish","hentry"],"acf":[],"ticketed":false,"_links":{"self":[{"href":"https:\/\/www.cai.cz\/index.php?rest_route=\/wp\/v2\/pages\/54","targetHints":{"allow":["GET"]}}],"collection":[{"href":"https:\/\/www.cai.cz\/index.php?rest_route=\/wp\/v2\/pages"}],"about":[{"href":"https:\/\/www.cai.cz\/index.php?rest_route=\/wp\/v2\/types\/page"}],"author":[{"embeddable":true,"href":"https:\/\/www.cai.cz\/index.php?rest_route=\/wp\/v2\/users\/2"}],"replies":[{"embeddable":true,"href":"https:\/\/www.cai.cz\/index.php?rest_route=%2Fwp%2Fv2%2Fcomments&post=54"}],"version-history":[{"count":21,"href":"https:\/\/www.cai.cz\/index.php?rest_route=\/wp\/v2\/pages\/54\/revisions"}],"predecessor-version":[{"id":18903,"href":"https:\/\/www.cai.cz\/index.php?rest_route=\/wp\/v2\/pages\/54\/revisions\/18903"}],"wp:attachment":[{"href":"https:\/\/www.cai.cz\/index.php?rest_route=%2Fwp%2Fv2%2Fmedia&parent=54"}],"curies":[{"name":"wp","href":"https:\/\/api.w.org\/{rel}","templated":true}]}}