{"id":55,"date":"2018-07-24T13:49:10","date_gmt":"2018-07-24T11:49:10","guid":{"rendered":"http:\/\/srvwww1.cai.internal\/?page_id=55"},"modified":"2026-04-14T12:02:56","modified_gmt":"2026-04-14T10:02:56","slug":"mezinarodni-spoluprace","status":"publish","type":"page","link":"https:\/\/www.cai.cz\/?page_id=55","title":{"rendered":"Mezin\u00e1rodn\u00ed spolupr\u00e1ce"},"content":{"rendered":"\n<p><strong><a href=\"https:\/\/globalaccreditationcooperationincorporated.org\/\">Global Accreditation Cooperation Incorporated<\/a><\/strong><\/p>\n\n\n\n<figure class=\"wp-block-image size-medium is-resized\"><a href=\"https:\/\/www.european-accreditation.org\/\" target=\"_blank\" rel=\"noreferrer noopener\"><img loading=\"lazy\" decoding=\"async\" width=\"300\" height=\"94\" src=\"https:\/\/www.cai.cz\/wp-content\/uploads\/2024\/04\/ea-european-accreditation-logo-300x94.png\" alt=\"\" class=\"wp-image-18428\" style=\"width:225px;height:71px\" srcset=\"https:\/\/www.cai.cz\/wp-content\/uploads\/2024\/04\/ea-european-accreditation-logo-300x94.png 300w, https:\/\/www.cai.cz\/wp-content\/uploads\/2024\/04\/ea-european-accreditation-logo.png 652w\" sizes=\"auto, (max-width: 300px) 100vw, 300px\" \/><\/a><\/figure>\n\n\n\n<figure class=\"wp-block-image size-medium is-resized\"><a href=\"https:\/\/ilac.org\/\" target=\"_blank\" rel=\"noreferrer noopener\"><img loading=\"lazy\" decoding=\"async\" width=\"300\" height=\"300\" src=\"https:\/\/www.cai.cz\/wp-content\/uploads\/2024\/04\/ilac-logo-300x300.png\" alt=\"\" class=\"wp-image-18429\" style=\"width:150px;height:150px\" srcset=\"https:\/\/www.cai.cz\/wp-content\/uploads\/2024\/04\/ilac-logo-300x300.png 300w, https:\/\/www.cai.cz\/wp-content\/uploads\/2024\/04\/ilac-logo-150x150.png 150w, https:\/\/www.cai.cz\/wp-content\/uploads\/2024\/04\/ilac-logo.png 558w\" sizes=\"auto, (max-width: 300px) 100vw, 300px\" \/><\/a><\/figure>\n\n\n\n<figure class=\"wp-block-image size-medium is-resized\"><a href=\"https:\/\/iaf.nu\/en\/home\/\" target=\"_blank\" rel=\"noreferrer noopener\"><img loading=\"lazy\" decoding=\"async\" width=\"300\" height=\"197\" src=\"https:\/\/www.cai.cz\/wp-content\/uploads\/2024\/04\/iaf-momra-logo-300x197.png\" alt=\"\" class=\"wp-image-18433\" style=\"width:225px;height:148px\" srcset=\"https:\/\/www.cai.cz\/wp-content\/uploads\/2024\/04\/iaf-momra-logo-300x197.png 300w, https:\/\/www.cai.cz\/wp-content\/uploads\/2024\/04\/iaf-momra-logo.png 692w\" sizes=\"auto, (max-width: 300px) 100vw, 300px\" \/><\/a><\/figure>\n\n\n\n<figure class=\"wp-block-image size-medium is-resized\"><a href=\"https:\/\/ec.europa.eu\/environment\/emas\/index_en.htm\" target=\"_blank\" rel=\"noreferrer noopener\"><img loading=\"lazy\" decoding=\"async\" width=\"220\" height=\"300\" src=\"https:\/\/www.cai.cz\/wp-content\/uploads\/2024\/04\/emas-logo-220x300.png\" alt=\"\" class=\"wp-image-18431\" style=\"width:110px;height:150px\" srcset=\"https:\/\/www.cai.cz\/wp-content\/uploads\/2024\/04\/emas-logo-220x300.png 220w, https:\/\/www.cai.cz\/wp-content\/uploads\/2024\/04\/emas-logo-749x1024.png 749w, https:\/\/www.cai.cz\/wp-content\/uploads\/2024\/04\/emas-logo-768x1050.png 768w, https:\/\/www.cai.cz\/wp-content\/uploads\/2024\/04\/emas-logo-1124x1536.png 1124w, https:\/\/www.cai.cz\/wp-content\/uploads\/2024\/04\/emas-logo.png 1200w\" sizes=\"auto, (max-width: 220px) 100vw, 220px\" \/><\/a><\/figure>\n\n\n\n<figure class=\"wp-block-image size-medium is-resized\"><a href=\"https:\/\/global-aci.org\/en\/home\/\" target=\"_blank\" rel=\" noreferrer noopener\"><img loading=\"lazy\" decoding=\"async\" width=\"300\" height=\"169\" src=\"https:\/\/www.cai.cz\/wp-content\/uploads\/2026\/04\/global-aci_logo-300x169.png\" alt=\"\" class=\"wp-image-22254\" style=\"width:auto;height:110px\" srcset=\"https:\/\/www.cai.cz\/wp-content\/uploads\/2026\/04\/global-aci_logo-300x169.png 300w, https:\/\/www.cai.cz\/wp-content\/uploads\/2026\/04\/global-aci_logo.png 450w\" sizes=\"auto, (max-width: 300px) 100vw, 300px\" \/><\/a><\/figure>\n\n\n\n<hr class=\"wp-block-separator has-text-color has-white-color has-alpha-channel-opacity has-white-background-color has-background is-style-default\"\/>\n\n\n\n<h4 class=\"wp-block-heading alignfull has-text-align-center\">Glob\u00e1ln\u00ed syst\u00e9m akreditace \u2013 p\u0159\u00edru\u010dka ILAC\/IAF<\/h4>\n\n\n\n<hr class=\"wp-block-separator has-text-color has-alpha-channel-opacity has-background is-style-wide\" style=\"background-color:#ffffff00;color:#ffffff00;margin-bottom:-15px\"\/>\n\n\n\n<div data-wp-interactive=\"core\/file\" class=\"wp-block-file alignfull\"><object data-wp-bind--hidden=\"!state.hasPdfPreview\" hidden class=\"wp-block-file__embed\" data=\"https:\/\/www.cai.cz\/wp-content\/uploads\/2023\/02\/ILAC_IAF_Handbook_13012023.pdf\" type=\"application\/pdf\" style=\"width:100%;height:600px\" aria-label=\"Vlo\u017eit z ILAC IAF Handbook 13012023.\"><\/object><a id=\"wp-block-file--media-00a68eb0-0cd8-4fba-9578-7b4596bce45c\" href=\"https:\/\/www.cai.cz\/wp-content\/uploads\/2023\/02\/ILAC_IAF_Handbook_13012023.pdf\" target=\"_blank\" rel=\"noreferrer noopener\">ILAC IAF Handbook 13012023<\/a><a href=\"https:\/\/www.cai.cz\/wp-content\/uploads\/2023\/02\/ILAC_IAF_Handbook_13012023.pdf\" class=\"wp-block-file__button wp-element-button\" download aria-describedby=\"wp-block-file--media-00a68eb0-0cd8-4fba-9578-7b4596bce45c\">St\u00e1hnout<\/a><\/div>\n\n\n\n<hr class=\"wp-block-separator has-css-opacity is-style-wide\"\/>\n\n\n\n<p><strong>POKRA\u010cOVAT D\u00c1L:<\/strong>&nbsp;&nbsp;<br><a href=\"https:\/\/www.cai.cz\/?page_id=1780\">Publikace a dokumenty <\/a>&nbsp; <a href=\"https:\/\/www.cai.cz\/?page_id=1783\">Zahrani\u010dn\u00ed projekty \u010cIA<\/a> &nbsp; <a href=\"https:\/\/www.cai.cz\/?page_id=1786\">Rezoluce EA, ILAC, IAF<\/a>&nbsp; <a href=\"https:\/\/www.cai.cz\/?page_id=1789\">Sv\u011btov\u00fd den akreditace<\/a>&nbsp; <a href=\"https:\/\/www.cai.cz\/?page_id=1792\">Multilater\u00e1ln\u00ed dohody o vz\u00e1jemn\u00e9m uzn\u00e1v\u00e1n\u00ed MLA\/MRA<\/a>&nbsp;&nbsp; <a href=\"https:\/\/www.cai.cz\/?page_id=1795\">Public Sector Assurance<\/a><\/p>\n","protected":false},"excerpt":{"rendered":"<p>Global Accreditation Cooperation Incorporated Glob\u00e1ln\u00ed syst\u00e9m akreditace \u2013 p\u0159\u00edru\u010dka ILAC\/IAF POKRA\u010cOVAT D\u00c1L:&nbsp;&nbsp;Publikace a dokumenty &nbsp; Zahrani\u010dn\u00ed projekty \u010cIA &nbsp; Rezoluce EA, ILAC, IAF&nbsp; Sv\u011btov\u00fd den&hellip;<\/p>\n","protected":false},"author":2,"featured_media":0,"parent":0,"menu_order":0,"comment_status":"closed","ping_status":"closed","template":"","meta":{"_acf_changed":false,"_price":"","_stock":"","_tribe_ticket_header":"","_tribe_default_ticket_provider":"","_tribe_ticket_capacity":"0","_ticket_start_date":"","_ticket_end_date":"","_tribe_ticket_show_description":"","_tribe_ticket_show_not_going":false,"_tribe_ticket_use_global_stock":"","_tribe_ticket_global_stock_level":"","_global_stock_mode":"","_global_stock_cap":"","_tribe_rsvp_for_event":"","_tribe_ticket_going_count":"","_tribe_ticket_not_going_count":"","_tribe_tickets_list":"[]","_tribe_ticket_has_attendee_info_fields":false,"footnotes":"","_tec_slr_enabled":"","_tec_slr_layout":""},"class_list":["post-55","page","type-page","status-publish","hentry"],"acf":[],"ticketed":false,"_links":{"self":[{"href":"https:\/\/www.cai.cz\/index.php?rest_route=\/wp\/v2\/pages\/55","targetHints":{"allow":["GET"]}}],"collection":[{"href":"https:\/\/www.cai.cz\/index.php?rest_route=\/wp\/v2\/pages"}],"about":[{"href":"https:\/\/www.cai.cz\/index.php?rest_route=\/wp\/v2\/types\/page"}],"author":[{"embeddable":true,"href":"https:\/\/www.cai.cz\/index.php?rest_route=\/wp\/v2\/users\/2"}],"replies":[{"embeddable":true,"href":"https:\/\/www.cai.cz\/index.php?rest_route=%2Fwp%2Fv2%2Fcomments&post=55"}],"version-history":[{"count":42,"href":"https:\/\/www.cai.cz\/index.php?rest_route=\/wp\/v2\/pages\/55\/revisions"}],"predecessor-version":[{"id":22256,"href":"https:\/\/www.cai.cz\/index.php?rest_route=\/wp\/v2\/pages\/55\/revisions\/22256"}],"wp:attachment":[{"href":"https:\/\/www.cai.cz\/index.php?rest_route=%2Fwp%2Fv2%2Fmedia&parent=55"}],"curies":[{"name":"wp","href":"https:\/\/api.w.org\/{rel}","templated":true}]}}